{"id":559,"date":"2019-04-18T11:16:34","date_gmt":"2019-04-18T11:16:34","guid":{"rendered":"https:\/\/envothemes.com\/envo-ecommerce\/?page_id=53"},"modified":"2024-02-15T14:28:03","modified_gmt":"2024-02-15T14:28:03","slug":"about-us-2","status":"publish","type":"page","link":"https:\/\/tgalegal.ca\/fr\/about-us-2\/","title":{"rendered":"\u00c0 Propos"},"content":{"rendered":"<div data-elementor-type=\"wp-post\" data-elementor-id=\"559\" class=\"elementor elementor-559\">\n\t\t\t\t<div class=\"elementor-element elementor-element-e074c10 e-con-full e-transform e-flex e-con e-parent\" data-id=\"e074c10\" data-element_type=\"container\" data-settings=\"{&quot;_transform_translateX_effect&quot;:{&quot;unit&quot;:&quot;px&quot;,&quot;size&quot;:49,&quot;sizes&quot;:[]},&quot;_transform_translateX_effect_tablet&quot;:{&quot;unit&quot;:&quot;px&quot;,&quot;size&quot;:&quot;&quot;,&quot;sizes&quot;:[]},&quot;_transform_translateX_effect_mobile&quot;:{&quot;unit&quot;:&quot;px&quot;,&quot;size&quot;:&quot;&quot;,&quot;sizes&quot;:[]},&quot;_transform_translateY_effect&quot;:{&quot;unit&quot;:&quot;px&quot;,&quot;size&quot;:&quot;&quot;,&quot;sizes&quot;:[]},&quot;_transform_translateY_effect_tablet&quot;:{&quot;unit&quot;:&quot;px&quot;,&quot;size&quot;:&quot;&quot;,&quot;sizes&quot;:[]},&quot;_transform_translateY_effect_mobile&quot;:{&quot;unit&quot;:&quot;px&quot;,&quot;size&quot;:&quot;&quot;,&quot;sizes&quot;:[]}}\">\n\t\t\t\t<div class=\"elementor-element elementor-element-25ee862 elementor-widget elementor-widget-heading\" data-id=\"25ee862\" data-element_type=\"widget\" data-widget_type=\"heading.default\">\n\t\t\t\t<div class=\"elementor-widget-container\">\n\t\t\t\t\t<h2 class=\"elementor-heading-title elementor-size-default\">\u00c0 Propos<\/h2>\t\t\t\t<\/div>\n\t\t\t\t<\/div>\n\t\t\t\t<\/div>\n\t\t<div class=\"elementor-element elementor-element-c111bf0 e-flex e-con-boxed e-con e-parent\" data-id=\"c111bf0\" data-element_type=\"container\">\n\t\t\t\t\t<div class=\"e-con-inner\">\n\t\t<div class=\"elementor-element elementor-element-7f8043d e-con-full e-flex e-con e-child\" data-id=\"7f8043d\" data-element_type=\"container\">\n\t\t\t\t<div class=\"elementor-element elementor-element-6233bbf etww-flip-box-effect-push etww-flip-box-direction-right elementor-widget__width-initial elementor-widget elementor-widget-etww-flip-box\" data-id=\"6233bbf\" data-element_type=\"widget\" data-widget_type=\"etww-flip-box.default\">\n\t\t\t\t<div class=\"elementor-widget-container\">\n\t\t\t\t\t\n\t\t<div class=\"etww-flip-box\">\n\n\t\t\t<div class=\"etww-flip-box-layer etww-flip-box-front\">\n\t\t\t\t<div class=\"etww-flip-box-layer-overlay\">\n\t\t\t\t\t<div class=\"etww-flip-box-layer-inner\">\n\t\t\t\t\t\t\t\t\t\t\t\t\t<div class=\"elementor-icon-wrap elementor-view-default\">\n\t\t\t\t\t\t\t\t<div class=\"elementor-icon\">\n\t\t\t\t\t\t\t\t\t<i aria-hidden=\"true\" class=\"fas fa-heart-o\"><\/i>\t\t\t\t\t\t\t\t<\/div>\n\t\t\t\t\t\t\t<\/div>\n\t\t\t\t\t\t\t\t\t\t\t<\/div>\n\t\t\t\t<\/div>\n\t\t\t<\/div>\n\n\t\t\t<div class=\"etww-flip-box-layer etww-flip-box-back\">\n\t\t\t\t<div class=\"etww-flip-box-layer-overlay\">\n\t\t\t\t\t<div class=\"etww-flip-box-layer-inner\">\n\t\t\t\t\t\t\t\t\t\t\t\t\t<h3 class=\"etww-flip-box-layer-title\">\n\t\t\t\t\t\t\t\tNotre Strat\u00e9gie\t\t\t\t\t\t\t<\/h3>\n\t\t\t\t\t\t\t\t\t\t\t\t\t<div class=\"etww-flip-box-layer-desc\">\n\t\t\t\t\t\t\t\tChez TGA Legal, nous relevons les d\u00e9fis avec r\u00e9silience, tout en faisant preuve d\u2019adaptabilit\u00e9 et de cr\u00e9ativit\u00e9 dans la r\u00e9solution de probl\u00e8mes. Nous nous effor\u00e7ons d\u2019avoir de la patience et une vision claire, de valoriser les relations et de comprendre l\u2019importance du travail d\u2019\u00e9quipe et du leadership. Notre r\u00e9silience et pers\u00e9v\u00e9rance mettent en valeur l\u2019importance de la t\u00e9nacit\u00e9 face \u00e0 l\u2019adversit\u00e9.\t\t\t\t\t\t\t<\/div>\n\t\t\t\t\t\t\t\t\t\t\t<\/div>\n\t\t\t\t<\/div>\n\t\t\t<\/div>\n\n\t\t<\/div>\n\n\t\t\t\t\t<\/div>\n\t\t\t\t<\/div>\n\t\t\t\t<\/div>\n\t\t\t\t<div class=\"elementor-element elementor-element-bcd079f etww-flip-box-effect-push etww-flip-box-direction-right elementor-widget elementor-widget-etww-flip-box\" data-id=\"bcd079f\" data-element_type=\"widget\" data-widget_type=\"etww-flip-box.default\">\n\t\t\t\t<div class=\"elementor-widget-container\">\n\t\t\t\t\t\n\t\t<div class=\"etww-flip-box\">\n\n\t\t\t<div class=\"etww-flip-box-layer etww-flip-box-front\">\n\t\t\t\t<div class=\"etww-flip-box-layer-overlay\">\n\t\t\t\t\t<div class=\"etww-flip-box-layer-inner\">\n\t\t\t\t\t\t\t\t\t\t\t\t\t<div class=\"elementor-icon-wrap elementor-view-default\">\n\t\t\t\t\t\t\t\t<div class=\"elementor-icon\">\n\t\t\t\t\t\t\t\t\t<i aria-hidden=\"true\" class=\"fas fa-heart-o\"><\/i>\t\t\t\t\t\t\t\t<\/div>\n\t\t\t\t\t\t\t<\/div>\n\t\t\t\t\t\t\t\t\t\t\t<\/div>\n\t\t\t\t<\/div>\n\t\t\t<\/div>\n\n\t\t\t<div class=\"etww-flip-box-layer etww-flip-box-back\">\n\t\t\t\t<div class=\"etww-flip-box-layer-overlay\">\n\t\t\t\t\t<div class=\"etww-flip-box-layer-inner\">\n\t\t\t\t\t\t\t\t\t\t\t\t\t<h3 class=\"etww-flip-box-layer-title\">\n\t\t\t\t\t\t\t\tNotre Strat\u00e9gie\t\t\t\t\t\t\t<\/h3>\n\t\t\t\t\t\t\t\t\t\t\t\t\t<div class=\"etww-flip-box-layer-desc\">\n\t\t\t\t\t\t\t\tIn the dynamic and intricate legal landscape, strategy isn&#8217;t just a tool; it&#8217;s the compass guiding our firm&#8217;s trajectory. It encapsulates our firm&#8217;s vision, direction, and blueprint for achieving our objectives. Strategic thinking in law involves anticipating shifts in the legal environment, identifying opportunities, and mitigating risks to best serve our clients&#8217; needs. Strategic thinking allows us to remain agile, adaptable, and consistently deliver exceptional legal services in a rapidly evolving legal arena. It allows our team to approach cases with foresight, tailor their approaches to individual client needs, and innovate within the law.\t\t\t\t\t\t\t<\/div>\n\t\t\t\t\t\t\t\t\t\t\t<\/div>\n\t\t\t\t<\/div>\n\t\t\t<\/div>\n\n\t\t<\/div>\n\n\t\t\t\t\t<\/div>\n\t\t\t\t<\/div>\n\t\t<div class=\"elementor-element elementor-element-34b4851 e-con-full e-flex e-con e-child\" data-id=\"34b4851\" data-element_type=\"container\">\n\t\t\t\t<div class=\"elementor-element elementor-element-2588616 etww-flip-box-effect-push etww-flip-box-direction-right elementor-widget elementor-widget-etww-flip-box\" data-id=\"2588616\" data-element_type=\"widget\" data-widget_type=\"etww-flip-box.default\">\n\t\t\t\t<div class=\"elementor-widget-container\">\n\t\t\t\t\t\n\t\t<div class=\"etww-flip-box\">\n\n\t\t\t<div class=\"etww-flip-box-layer etww-flip-box-front\">\n\t\t\t\t<div class=\"etww-flip-box-layer-overlay\">\n\t\t\t\t\t<div class=\"etww-flip-box-layer-inner\">\n\t\t\t\t\t\t\t\t\t\t\t\t\t<div class=\"elementor-icon-wrap elementor-view-default\">\n\t\t\t\t\t\t\t\t<div class=\"elementor-icon\">\n\t\t\t\t\t\t\t\t\t<i aria-hidden=\"true\" class=\"fas fa-heart-o\"><\/i>\t\t\t\t\t\t\t\t<\/div>\n\t\t\t\t\t\t\t<\/div>\n\t\t\t\t\t\t\t\t\t\t\t<\/div>\n\t\t\t\t<\/div>\n\t\t\t<\/div>\n\n\t\t\t<div class=\"etww-flip-box-layer etww-flip-box-back\">\n\t\t\t\t<div class=\"etww-flip-box-layer-overlay\">\n\t\t\t\t\t<div class=\"etww-flip-box-layer-inner\">\n\t\t\t\t\t\t\t\t\t\t\t\t\t<h3 class=\"etww-flip-box-layer-title\">\n\t\t\t\t\t\t\t\tNotre \u00c9quipe\t\t\t\t\t\t\t<\/h3>\n\t\t\t\t\t\t\t\t\t\t\t\t\t<div class=\"etww-flip-box-layer-desc\">\n\t\t\t\t\t\t\t\tNotre culture et nos origines nous offrent de nombreuses le\u00e7ons qui constituent le fondement de nos valeurs. En mettant l\u2019accent sur les personnes au sein de notre cabinet, nous \u00e9levons notre philosophie au-del\u00e0 de l\u2019expertise juridique. Cultiver la confiance, l\u2019empathie et la compr\u00e9hension. Nous nous concentrons non seulement sur le soutien de nos coll\u00e8gues, mais aussi sur la promotion d\u2019un environnement inclusif. Notre approche ax\u00e9e sur les personnes b\u00e9n\u00e9ficie non seulement les individus, mais am\u00e9liore \u00e9galement la qualit\u00e9 de nos services, renforce les liens professionnels et fa\u00e7onne la pratique et l\u2019engagement de notre cabinet envers un environnement paisible et productif.\t\t\t\t\t\t\t<\/div>\n\t\t\t\t\t\t\t\t\t\t\t<\/div>\n\t\t\t\t<\/div>\n\t\t\t<\/div>\n\n\t\t<\/div>\n\n\t\t\t\t\t<\/div>\n\t\t\t\t<\/div>\n\t\t\t\t<\/div>\n\t\t<div class=\"elementor-element elementor-element-f7e25b7 e-con-full e-flex e-con e-child\" data-id=\"f7e25b7\" data-element_type=\"container\">\n\t\t\t\t<div class=\"elementor-element elementor-element-e680f48 etww-flip-box-effect-push etww-flip-box-direction-right elementor-widget elementor-widget-etww-flip-box\" data-id=\"e680f48\" data-element_type=\"widget\" data-widget_type=\"etww-flip-box.default\">\n\t\t\t\t<div class=\"elementor-widget-container\">\n\t\t\t\t\t\n\t\t<div class=\"etww-flip-box\">\n\n\t\t\t<div class=\"etww-flip-box-layer etww-flip-box-front\">\n\t\t\t\t<div class=\"etww-flip-box-layer-overlay\">\n\t\t\t\t\t<div class=\"etww-flip-box-layer-inner\">\n\t\t\t\t\t\t\t\t\t\t\t\t\t<div class=\"elementor-icon-wrap elementor-view-default\">\n\t\t\t\t\t\t\t\t<div class=\"elementor-icon\">\n\t\t\t\t\t\t\t\t\t<i aria-hidden=\"true\" class=\"fas fa-heart-o\"><\/i>\t\t\t\t\t\t\t\t<\/div>\n\t\t\t\t\t\t\t<\/div>\n\t\t\t\t\t\t\t\t\t\t\t<\/div>\n\t\t\t\t<\/div>\n\t\t\t<\/div>\n\n\t\t\t<div class=\"etww-flip-box-layer etww-flip-box-back\">\n\t\t\t\t<div class=\"etww-flip-box-layer-overlay\">\n\t\t\t\t\t<div class=\"etww-flip-box-layer-inner\">\n\t\t\t\t\t\t\t\t\t\t\t\t\t<h3 class=\"etww-flip-box-layer-title\">\n\t\t\t\t\t\t\t\tNotre expertise\t\t\t\t\t\t\t<\/h3>\n\t\t\t\t\t\t\t\t\t\t\t\t\t<div class=\"etww-flip-box-layer-desc\">\n\t\t\t\t\t\t\t\tNotre expertise est un \u00e9l\u00e9ment crucial pour la confiance, la fiabilit\u00e9 et le succ\u00e8s. Il fournit \u00e0 nos clients une assurance en mati\u00e8re juridique et garantit la comp\u00e9tence dans la r\u00e9alisation des objectifs. Vingt ans d\u2019exp\u00e9rience favorisent une culture de la comp\u00e9tence, nous permettant de naviguer dans les nuances, d\u2019anticiper les obstacles potentiels et d\u2019offrir des approches innovantes dans tous nos domaines de pratique. Nous avons plaid\u00e9 et repr\u00e9sent\u00e9 nos clients devant les cours sup\u00e9rieures et d\u2019appel, ainsi que devant les tribunaux administratifs et les conseils d\u2019arbitrage. En fin de compte, l\u2019expertise n\u2019est pas seulement une question de connaissances, mais aussi la capacit\u00e9 de les appliquer efficacement, en obtenant constamment des r\u00e9sultats favorables tout en respectant les principes de justice.\t\t\t\t\t\t\t<\/div>\n\t\t\t\t\t\t\t\t\t\t\t<\/div>\n\t\t\t\t<\/div>\n\t\t\t<\/div>\n\n\t\t<\/div>\n\n\t\t\t\t\t<\/div>\n\t\t\t\t<\/div>\n\t\t\t\t<\/div>\n\t\t<div class=\"elementor-element elementor-element-bd0294f e-con-full e-flex e-con e-child\" data-id=\"bd0294f\" data-element_type=\"container\">\n\t\t\t\t<div class=\"elementor-element elementor-element-df3e169 etww-flip-box-effect-push etww-flip-box-direction-right elementor-widget elementor-widget-etww-flip-box\" data-id=\"df3e169\" data-element_type=\"widget\" data-widget_type=\"etww-flip-box.default\">\n\t\t\t\t<div class=\"elementor-widget-container\">\n\t\t\t\t\t\n\t\t<div class=\"etww-flip-box\">\n\n\t\t\t<div class=\"etww-flip-box-layer etww-flip-box-front\">\n\t\t\t\t<div class=\"etww-flip-box-layer-overlay\">\n\t\t\t\t\t<div class=\"etww-flip-box-layer-inner\">\n\t\t\t\t\t\t\t\t\t\t\t\t\t<div class=\"elementor-icon-wrap elementor-view-default\">\n\t\t\t\t\t\t\t\t<div class=\"elementor-icon\">\n\t\t\t\t\t\t\t\t\t<i aria-hidden=\"true\" class=\"fas fa-heart-o\"><\/i>\t\t\t\t\t\t\t\t<\/div>\n\t\t\t\t\t\t\t<\/div>\n\t\t\t\t\t\t\t\t\t\t\t<\/div>\n\t\t\t\t<\/div>\n\t\t\t<\/div>\n\n\t\t\t<div class=\"etww-flip-box-layer etww-flip-box-back\">\n\t\t\t\t<div class=\"etww-flip-box-layer-overlay\">\n\t\t\t\t\t<div class=\"etww-flip-box-layer-inner\">\n\t\t\t\t\t\t\t\t\t\t\t\t\t<h3 class=\"etww-flip-box-layer-title\">\n\t\t\t\t\t\t\t\tObjectif\t\t\t\t\t\t\t<\/h3>\n\t\t\t\t\t\t\t\t\t\t\t\t\t<div class=\"etww-flip-box-layer-desc\">\n\t\t\t\t\t\t\t\tNous aimons la pratique du droit et la pratique en \u00e9quipe parce que nous croyons que le tout est plus grand que la somme de ses parties. Notre objectif est d\u2019\u00e9tablir des relations solides avec nos clients et entre nous, bas\u00e9es sur la confiance, l\u2019ouverture, l\u2019int\u00e9grit\u00e9 et le respect mutuel. Nous favorisons l\u2019efficacit\u00e9 dans la r\u00e9solution de probl\u00e8mes, une culture de respect et de collaboration, une pratique \u00e9thique et coll\u00e9giale du droit et servons les int\u00e9r\u00eats de la justice.\t\t\t\t\t\t\t<\/div>\n\t\t\t\t\t\t\t\t\t\t\t<\/div>\n\t\t\t\t<\/div>\n\t\t\t<\/div>\n\n\t\t<\/div>\n\n\t\t\t\t\t<\/div>\n\t\t\t\t<\/div>\n\t\t\t\t<\/div>\n\t\t\t\t\t<\/div>\n\t\t\t\t<\/div>\n\t\t<div class=\"elementor-element elementor-element-20a6246 e-flex e-con-boxed e-con e-parent\" data-id=\"20a6246\" data-element_type=\"container\">\n\t\t\t\t\t<div class=\"e-con-inner\">\n\t\t\t\t<div class=\"elementor-element elementor-element-8db50c6 etww-flip-box-effect-fade elementor-widget__width-initial elementor-widget elementor-widget-etww-flip-box\" data-id=\"8db50c6\" data-element_type=\"widget\" data-widget_type=\"etww-flip-box.default\">\n\t\t\t\t<div class=\"elementor-widget-container\">\n\t\t\t\t\t\n\t\t<div class=\"etww-flip-box\">\n\n\t\t\t<div class=\"etww-flip-box-layer etww-flip-box-front\">\n\t\t\t\t<div class=\"etww-flip-box-layer-overlay\">\n\t\t\t\t\t<div class=\"etww-flip-box-layer-inner\">\n\t\t\t\t\t\t\t\t\t\t\t\t\t<h3 class=\"etww-flip-box-layer-title\">\n\t\t\t\t\t\t\t\tNotre Histoire\t\t\t\t\t\t\t<\/h3>\n\t\t\t\t\t\t\t\t\t\t\t<\/div>\n\t\t\t\t<\/div>\n\t\t\t<\/div>\n\n\t\t\t<div class=\"etww-flip-box-layer etww-flip-box-back\">\n\t\t\t\t<div class=\"etww-flip-box-layer-overlay\">\n\t\t\t\t\t<div class=\"etww-flip-box-layer-inner\">\n\t\t\t\t\t\t\t\t\t\t\t\t\t<h3 class=\"etww-flip-box-layer-title\">\n\t\t\t\t\t\t\t\tCe qui nous a r\u00e9unis.<br><br>Une \u00e9quipe soud\u00e9e et engag\u00e9e.\t\t\t\t\t\t\t<\/h3>\n\t\t\t\t\t\t\t\t\t\t\t\t\t<div class=\"etww-flip-box-layer-desc\">\n\t\t\t\t\t\t\t\tLes membres de notre \u00e9quipe sont des d\u00e9fenseurs passionn\u00e9s qui ont \u00e9t\u00e9 r\u00e9unis en raison de leur capacit\u00e9 d\u2019adaptation et de leur capacit\u00e9 \u00e0 r\u00e9soudre les probl\u00e8mes.  \nNotre capacit\u00e9 \u00e0 nous appr\u00e9cier les uns les autres, notre patience et notre pers\u00e9v\u00e9rance soulignent notre efficacit\u00e9 et notre effort de collaboration pour fournir un travail exemplaire et atteindre nos objectifs professionnels. <br><br>\nAu plaisir de travailler avec vous\u00a0!\n\t\t\t\t\t\t\t<\/div>\n\t\t\t\t\t\t\t\t\t\t\t<\/div>\n\t\t\t\t<\/div>\n\t\t\t<\/div>\n\n\t\t<\/div>\n\n\t\t\t\t\t<\/div>\n\t\t\t\t<\/div>\n\t\t\t\t\t<\/div>\n\t\t\t\t<\/div>\n\t\t\t\t<\/div>","protected":false},"excerpt":{"rendered":"<p>About Us Our Strategy At TGA Legal, we take on challenges with resilience, while demonstrating adaptability and creativity in problem solving. We strive to have patience and a clear vision, valuing relationships, and understanding the significance of teamwork and leadership in achieving success as a whole. Our resilience and perseverance showcase the value of tenacity in the&hellip;<\/p>","protected":false},"author":1,"featured_media":0,"parent":0,"menu_order":0,"comment_status":"closed","ping_status":"closed","template":"elementor_theme","meta":{"footnotes":""},"class_list":["post-559","page","type-page","status-publish","hentry"],"_links":{"self":[{"href":"https:\/\/tgalegal.ca\/fr\/wp-json\/wp\/v2\/pages\/559","targetHints":{"allow":["GET"]}}],"collection":[{"href":"https:\/\/tgalegal.ca\/fr\/wp-json\/wp\/v2\/pages"}],"about":[{"href":"https:\/\/tgalegal.ca\/fr\/wp-json\/wp\/v2\/types\/page"}],"author":[{"embeddable":true,"href":"https:\/\/tgalegal.ca\/fr\/wp-json\/wp\/v2\/users\/1"}],"replies":[{"embeddable":true,"href":"https:\/\/tgalegal.ca\/fr\/wp-json\/wp\/v2\/comments?post=559"}],"version-history":[{"count":0,"href":"https:\/\/tgalegal.ca\/fr\/wp-json\/wp\/v2\/pages\/559\/revisions"}],"wp:attachment":[{"href":"https:\/\/tgalegal.ca\/fr\/wp-json\/wp\/v2\/media?parent=559"}],"curies":[{"name":"wp","href":"https:\/\/api.w.org\/{rel}","templated":true}]}}