{"id":103,"date":"2021-01-04T21:22:20","date_gmt":"2021-01-04T21:22:20","guid":{"rendered":"https:\/\/tgalegal.ca\/?page_id=103"},"modified":"2024-03-04T19:47:05","modified_gmt":"2024-03-04T19:47:05","slug":"attorneys","status":"publish","type":"page","link":"https:\/\/tgalegal.ca\/fr\/attorneys\/","title":{"rendered":"L'\u00c9quipe"},"content":{"rendered":"<div data-elementor-type=\"wp-page\" data-elementor-id=\"103\" class=\"elementor elementor-103\">\n\t\t\t\t<div class=\"elementor-element elementor-element-04aea08 e-flex e-con-boxed e-con e-parent\" data-id=\"04aea08\" data-element_type=\"container\">\n\t\t\t\t\t<div class=\"e-con-inner\">\n\t\t<div class=\"elementor-element elementor-element-8278bab e-con-full e-flex e-con e-child\" data-id=\"8278bab\" data-element_type=\"container\">\n\t\t\t\t<div class=\"elementor-element elementor-element-e58fa4d elementor-widget__width-initial etww-flip-box-effect-flip etww-flip-box-direction-left etww-flip-box-3d-yes elementor-widget elementor-widget-etww-flip-box\" data-id=\"e58fa4d\" data-element_type=\"widget\" data-widget_type=\"etww-flip-box.default\">\n\t\t\t\t<div class=\"elementor-widget-container\">\n\t\t\t\t\t\n\t\t<div class=\"etww-flip-box\">\n\n\t\t\t<div class=\"etww-flip-box-layer etww-flip-box-front\">\n\t\t\t\t<div class=\"etww-flip-box-layer-overlay\">\n\t\t\t\t\t<div class=\"etww-flip-box-layer-inner\">\n\t\t\t\t\t\t\t\t\t\t\t\t\t<div class=\"elementor-icon-wrap elementor-view-default\">\n\t\t\t\t\t\t\t\t<div class=\"elementor-icon\">\n\t\t\t\t\t\t\t\t\t<i aria-hidden=\"true\" class=\"fas fa-heart-o\"><\/i>\t\t\t\t\t\t\t\t<\/div>\n\t\t\t\t\t\t\t<\/div>\n\t\t\t\t\t\t\t\t\t\t\t<\/div>\n\t\t\t\t<\/div>\n\t\t\t<\/div>\n\n\t\t\t<div class=\"etww-flip-box-layer etww-flip-box-back\">\n\t\t\t\t<div class=\"etww-flip-box-layer-overlay\">\n\t\t\t\t\t<div class=\"etww-flip-box-layer-inner\">\n\t\t\t\t\t\t\t\t\t\t\t\t\t<div class=\"etww-flip-box-layer-desc\">\n\t\t\t\t\t\t\t\tMe George Tsanoussas est un avocat comptant 20 ans d\u2019exp\u00e9rience en litige civil. Il poss\u00e8de une solide exp\u00e9rience en mati\u00e8re civile, familiale, successorale et commerciale. Il a \u00e9galement repr\u00e9sent\u00e9 avec succ\u00e8s des clients devant les tribunaux de premi\u00e8re instance et d\u2019appel. Il a \u00e9t\u00e9 admis au Barreau du Qu\u00e9bec en 2004 et est titulaire d\u2019un B.A. de McGill et d\u2019un Baccalaur\u00e9at en droit de l\u2019Universit\u00e9 de Sherbrooke. <br><br>Sa formation diversifi\u00e9e lui permet d\u2019adopter une approche r\u00e9aliste et efficace \u00e0 sa pratique. Son exp\u00e9rience, son engagement \u00e0 r\u00e9soudre les d\u00e9fis et son d\u00e9vouement envers ses clients caract\u00e9risent sa pratique.\t\t\t\t\t\t\t<\/div>\n\t\t\t\t\t\t\t\t\t\t\t<\/div>\n\t\t\t\t<\/div>\n\t\t\t<\/div>\n\n\t\t<\/div>\n\n\t\t\t\t\t<\/div>\n\t\t\t\t<\/div>\n\t\t<div class=\"elementor-element elementor-element-8367126 e-con-full e-flex e-con e-child\" data-id=\"8367126\" data-element_type=\"container\">\n\t\t\t\t<div class=\"elementor-element elementor-element-0e04559 e-transform elementor-widget elementor-widget-text-editor\" data-id=\"0e04559\" data-element_type=\"widget\" data-settings=\"{&quot;_transform_translateX_effect&quot;:{&quot;unit&quot;:&quot;px&quot;,&quot;size&quot;:26,&quot;sizes&quot;:[]},&quot;_transform_translateX_effect_tablet&quot;:{&quot;unit&quot;:&quot;px&quot;,&quot;size&quot;:&quot;&quot;,&quot;sizes&quot;:[]},&quot;_transform_translateX_effect_mobile&quot;:{&quot;unit&quot;:&quot;px&quot;,&quot;size&quot;:&quot;&quot;,&quot;sizes&quot;:[]},&quot;_transform_translateY_effect&quot;:{&quot;unit&quot;:&quot;px&quot;,&quot;size&quot;:&quot;&quot;,&quot;sizes&quot;:[]},&quot;_transform_translateY_effect_tablet&quot;:{&quot;unit&quot;:&quot;px&quot;,&quot;size&quot;:&quot;&quot;,&quot;sizes&quot;:[]},&quot;_transform_translateY_effect_mobile&quot;:{&quot;unit&quot;:&quot;px&quot;,&quot;size&quot;:&quot;&quot;,&quot;sizes&quot;:[]}}\" data-widget_type=\"text-editor.default\">\n\t\t\t\t<div class=\"elementor-widget-container\">\n\t\t\t\t\t\t\t\t\t<p><span style=\"font-size: 12pt; color: #0c3966;\"><strong><span style=\"color: #000080;\">Barreau du Qu\u00e9bec 2004<\/span><\/strong><\/span><\/p><p><span style=\"font-size: 12pt; color: #0c3966;\"><strong><span style=\"color: #000080;\">Langues<\/span>:<\/strong><\/span><\/p><p><span style=\"font-size: 10pt;\">Fran\u00e7ais, Anglais, Grec<\/span><\/p>\t\t\t\t\t\t\t\t<\/div>\n\t\t\t\t<\/div>\n\t\t\t\t<\/div>\n\t\t\t\t<div class=\"elementor-element elementor-element-0848339 elementor-align-center elementor-widget elementor-widget-button\" data-id=\"0848339\" data-element_type=\"widget\" data-widget_type=\"button.default\">\n\t\t\t\t<div class=\"elementor-widget-container\">\n\t\t\t\t\t\t\t\t\t<div class=\"elementor-button-wrapper\">\n\t\t\t\t\t<a class=\"elementor-button elementor-button-link elementor-size-sm\" href=\"mailto:g.tsanoussas@tgalegal.ca\">\n\t\t\t\t\t\t<span class=\"elementor-button-content-wrapper\">\n\t\t\t\t\t\t\t\t\t<span class=\"elementor-button-text\">\u00c9crivez \u00e0 Me George Tsanoussas<\/span>\n\t\t\t\t\t<\/span>\n\t\t\t\t\t<\/a>\n\t\t\t\t<\/div>\n\t\t\t\t\t\t\t\t<\/div>\n\t\t\t\t<\/div>\n\t\t\t\t<\/div>\n\t\t<div class=\"elementor-element elementor-element-42a1678 e-con-full e-flex e-con e-child\" data-id=\"42a1678\" data-element_type=\"container\">\n\t\t\t\t<div class=\"elementor-element elementor-element-563e44e elementor-widget__width-initial etww-flip-box-effect-flip etww-flip-box-direction-left etww-flip-box-3d-yes elementor-widget elementor-widget-etww-flip-box\" data-id=\"563e44e\" data-element_type=\"widget\" data-widget_type=\"etww-flip-box.default\">\n\t\t\t\t<div class=\"elementor-widget-container\">\n\t\t\t\t\t\n\t\t<div class=\"etww-flip-box\">\n\n\t\t\t<div class=\"etww-flip-box-layer etww-flip-box-front\">\n\t\t\t\t<div class=\"etww-flip-box-layer-overlay\">\n\t\t\t\t\t<div class=\"etww-flip-box-layer-inner\">\n\t\t\t\t\t\t\t\t\t\t\t\t\t<div class=\"elementor-icon-wrap elementor-view-default\">\n\t\t\t\t\t\t\t\t<div class=\"elementor-icon\">\n\t\t\t\t\t\t\t\t\t<i aria-hidden=\"true\" class=\"fas fa-heart-o\"><\/i>\t\t\t\t\t\t\t\t<\/div>\n\t\t\t\t\t\t\t<\/div>\n\t\t\t\t\t\t\t\t\t\t\t<\/div>\n\t\t\t\t<\/div>\n\t\t\t<\/div>\n\n\t\t\t<div class=\"etww-flip-box-layer etww-flip-box-back\">\n\t\t\t\t<div class=\"etww-flip-box-layer-overlay\">\n\t\t\t\t\t<div class=\"etww-flip-box-layer-inner\">\n\t\t\t\t\t\t\t\t\t\t\t\t\t<div class=\"etww-flip-box-layer-desc\">\n\t\t\t\t\t\t\t\tMe Chiara Kakavas est une avocate qui sp\u00e9cialise en litige civil, droit successoral, familial et commercial. Brillante et dot\u00e9e d\u2019une vivacit\u00e9 d\u2019esprit, elle n\u2019h\u00e9site pas \u00e0 naviguer dans toutes les sph\u00e8res juridiques complexes et \u00e0 fournir des solutions claires et avantageuses pour ses clients. Elle a repr\u00e9sent\u00e9 avec succ\u00e8s des clients dans un large \u00e9ventail de dossiers et connait bien les diff\u00e9rents paliers de tribunaux, jusqu\u2019aux tribunaux d\u2019appel. <br><br>\nReconnue pour son esprit, son int\u00e9grit\u00e9 et son excellence, elle est l\u2019avocate de r\u00e9f\u00e9rence dans ses domaines de pratique.\n\n\t\t\t\t\t\t\t<\/div>\n\t\t\t\t\t\t\t\t\t\t\t<\/div>\n\t\t\t\t<\/div>\n\t\t\t<\/div>\n\n\t\t<\/div>\n\n\t\t\t\t\t<\/div>\n\t\t\t\t<\/div>\n\t\t<div class=\"elementor-element elementor-element-137a73c e-con-full e-flex e-con e-child\" data-id=\"137a73c\" data-element_type=\"container\">\n\t\t\t\t<div class=\"elementor-element elementor-element-f2a70b3 e-transform elementor-widget elementor-widget-text-editor\" data-id=\"f2a70b3\" data-element_type=\"widget\" data-settings=\"{&quot;_transform_translateX_effect&quot;:{&quot;unit&quot;:&quot;px&quot;,&quot;size&quot;:39,&quot;sizes&quot;:[]},&quot;_transform_translateX_effect_tablet&quot;:{&quot;unit&quot;:&quot;px&quot;,&quot;size&quot;:&quot;&quot;,&quot;sizes&quot;:[]},&quot;_transform_translateX_effect_mobile&quot;:{&quot;unit&quot;:&quot;px&quot;,&quot;size&quot;:&quot;&quot;,&quot;sizes&quot;:[]},&quot;_transform_translateY_effect&quot;:{&quot;unit&quot;:&quot;px&quot;,&quot;size&quot;:&quot;&quot;,&quot;sizes&quot;:[]},&quot;_transform_translateY_effect_tablet&quot;:{&quot;unit&quot;:&quot;px&quot;,&quot;size&quot;:&quot;&quot;,&quot;sizes&quot;:[]},&quot;_transform_translateY_effect_mobile&quot;:{&quot;unit&quot;:&quot;px&quot;,&quot;size&quot;:&quot;&quot;,&quot;sizes&quot;:[]}}\" data-widget_type=\"text-editor.default\">\n\t\t\t\t<div class=\"elementor-widget-container\">\n\t\t\t\t\t\t\t\t\t<p><span style=\"font-size: 12pt; color: #000080;\"><strong>Barreau du Qu\u00e9bec 2020<\/strong><\/span><\/p><p style=\"text-align: left;\"><span style=\"font-size: 12pt; color: #000080;\"><strong>Langues:<\/strong><\/span><\/p><p><span style=\"font-size: 10pt;\">Fran\u00e7ais, Anglais, Italien<\/span><\/p>\t\t\t\t\t\t\t\t<\/div>\n\t\t\t\t<\/div>\n\t\t\t\t<\/div>\n\t\t\t\t<div class=\"elementor-element elementor-element-baa04bd elementor-align-center elementor-widget elementor-widget-button\" data-id=\"baa04bd\" data-element_type=\"widget\" data-widget_type=\"button.default\">\n\t\t\t\t<div class=\"elementor-widget-container\">\n\t\t\t\t\t\t\t\t\t<div class=\"elementor-button-wrapper\">\n\t\t\t\t\t<a class=\"elementor-button elementor-button-link elementor-size-sm\" href=\"mailto:c.kakavas@tgalegal.ca\">\n\t\t\t\t\t\t<span class=\"elementor-button-content-wrapper\">\n\t\t\t\t\t\t\t\t\t<span class=\"elementor-button-text\">\u00c9crivez \u00e0 Me Chiara Kakavas<\/span>\n\t\t\t\t\t<\/span>\n\t\t\t\t\t<\/a>\n\t\t\t\t<\/div>\n\t\t\t\t\t\t\t\t<\/div>\n\t\t\t\t<\/div>\n\t\t\t\t<\/div>\n\t\t<div class=\"elementor-element elementor-element-9eebfeb e-con-full e-flex e-con e-child\" data-id=\"9eebfeb\" data-element_type=\"container\">\n\t\t\t\t<div class=\"elementor-element elementor-element-4b9e0ef elementor-widget__width-initial etww-flip-box-effect-flip etww-flip-box-direction-left etww-flip-box-3d-yes elementor-widget elementor-widget-etww-flip-box\" data-id=\"4b9e0ef\" data-element_type=\"widget\" data-widget_type=\"etww-flip-box.default\">\n\t\t\t\t<div class=\"elementor-widget-container\">\n\t\t\t\t\t\n\t\t<div class=\"etww-flip-box\">\n\n\t\t\t<div class=\"etww-flip-box-layer etww-flip-box-front\">\n\t\t\t\t<div class=\"etww-flip-box-layer-overlay\">\n\t\t\t\t\t<div class=\"etww-flip-box-layer-inner\">\n\t\t\t\t\t\t\t\t\t\t\t\t\t<div class=\"elementor-icon-wrap elementor-view-default\">\n\t\t\t\t\t\t\t\t<div class=\"elementor-icon\">\n\t\t\t\t\t\t\t\t\t<i aria-hidden=\"true\" class=\"fas fa-heart-o\"><\/i>\t\t\t\t\t\t\t\t<\/div>\n\t\t\t\t\t\t\t<\/div>\n\t\t\t\t\t\t\t\t\t\t\t<\/div>\n\t\t\t\t<\/div>\n\t\t\t<\/div>\n\n\t\t\t<div class=\"etww-flip-box-layer etww-flip-box-back\">\n\t\t\t\t<div class=\"etww-flip-box-layer-overlay\">\n\t\t\t\t\t<div class=\"etww-flip-box-layer-inner\">\n\t\t\t\t\t\t\t\t\t\t\t\t\t<div class=\"etww-flip-box-layer-desc\">\n\t\t\t\t\t\t\t\tMe Emily Bandiola est une avocate sp\u00e9cialis\u00e9e dans le droit de la famille et le litige civil. Admise au Barreau en 2018, elle a d\u00e9velopp\u00e9 une compr\u00e9hension approfondie des complexit\u00e9s juridiques entourant la pratique du droit. Reconnue pour son approche exceptionnelle avec les clients, elle privil\u00e9gie la communication ouverte et l\u2019empathie, en veillant \u00e0 ce que les clients se sentent entendus et soutenus tout au long du processus juridique.<br><br>\nShe believes in building strong relationships with her clients, providing personalized attention to each case. She strives to find amicable solutions whenever possible, but is also prepared to vigorously advocate for her clients&#8217; rights in court if necessary. Her passion for justice and her clients\u2019 well-being make her a valuable asset to have on your side. \n\t\t\t\t\t\t\t<\/div>\n\t\t\t\t\t\t\t\t\t\t\t<\/div>\n\t\t\t\t<\/div>\n\t\t\t<\/div>\n\n\t\t<\/div>\n\n\t\t\t\t\t<\/div>\n\t\t\t\t<\/div>\n\t\t<div class=\"elementor-element elementor-element-eaba798 e-con-full e-flex e-con e-child\" data-id=\"eaba798\" data-element_type=\"container\">\n\t\t\t\t<div class=\"elementor-element elementor-element-26be51d e-transform elementor-widget elementor-widget-text-editor\" data-id=\"26be51d\" data-element_type=\"widget\" data-settings=\"{&quot;_transform_translateX_effect&quot;:{&quot;unit&quot;:&quot;px&quot;,&quot;size&quot;:50,&quot;sizes&quot;:[]},&quot;_transform_translateX_effect_tablet&quot;:{&quot;unit&quot;:&quot;px&quot;,&quot;size&quot;:&quot;&quot;,&quot;sizes&quot;:[]},&quot;_transform_translateX_effect_mobile&quot;:{&quot;unit&quot;:&quot;px&quot;,&quot;size&quot;:&quot;&quot;,&quot;sizes&quot;:[]},&quot;_transform_translateY_effect&quot;:{&quot;unit&quot;:&quot;px&quot;,&quot;size&quot;:&quot;&quot;,&quot;sizes&quot;:[]},&quot;_transform_translateY_effect_tablet&quot;:{&quot;unit&quot;:&quot;px&quot;,&quot;size&quot;:&quot;&quot;,&quot;sizes&quot;:[]},&quot;_transform_translateY_effect_mobile&quot;:{&quot;unit&quot;:&quot;px&quot;,&quot;size&quot;:&quot;&quot;,&quot;sizes&quot;:[]}}\" data-widget_type=\"text-editor.default\">\n\t\t\t\t<div class=\"elementor-widget-container\">\n\t\t\t\t\t\t\t\t\t<p><span style=\"font-size: 12pt; color: #000080;\"><strong>Barreau du Qu\u00e9bec 2018<\/strong><\/span><\/p><p><span style=\"font-size: 12pt; color: #000080;\"><strong>Langues<\/strong><\/span><span style=\"font-size: 12pt; color: #0c3966;\"><strong>:<\/strong><\/span><\/p><p><span style=\"font-size: 10pt;\">Fran\u00e7ais, Anglais, Espagnol, Tagalog<\/span><\/p>\t\t\t\t\t\t\t\t<\/div>\n\t\t\t\t<\/div>\n\t\t\t\t<\/div>\n\t\t\t\t<div class=\"elementor-element elementor-element-a869a91 elementor-align-center elementor-widget elementor-widget-button\" data-id=\"a869a91\" data-element_type=\"widget\" data-widget_type=\"button.default\">\n\t\t\t\t<div class=\"elementor-widget-container\">\n\t\t\t\t\t\t\t\t\t<div class=\"elementor-button-wrapper\">\n\t\t\t\t\t<a class=\"elementor-button elementor-button-link elementor-size-sm\" href=\"mailto:e.badiola@tgalegal.ca\">\n\t\t\t\t\t\t<span class=\"elementor-button-content-wrapper\">\n\t\t\t\t\t\t\t\t\t<span class=\"elementor-button-text\">\u00c9crivez \u00e0 Me Emily Bandiola<\/span>\n\t\t\t\t\t<\/span>\n\t\t\t\t\t<\/a>\n\t\t\t\t<\/div>\n\t\t\t\t\t\t\t\t<\/div>\n\t\t\t\t<\/div>\n\t\t\t\t<\/div>\n\t\t\t\t\t<\/div>\n\t\t\t\t<\/div>\n\t\t<div class=\"elementor-element elementor-element-3d0c647 e-flex e-con-boxed e-con e-parent\" data-id=\"3d0c647\" data-element_type=\"container\">\n\t\t\t\t\t<div class=\"e-con-inner\">\n\t\t<div class=\"elementor-element elementor-element-ab81a03 e-con-full e-flex e-con e-child\" data-id=\"ab81a03\" data-element_type=\"container\">\n\t\t<div class=\"elementor-element elementor-element-821d534 e-flex e-con-boxed e-con e-child\" data-id=\"821d534\" data-element_type=\"container\">\n\t\t\t\t\t<div class=\"e-con-inner\">\n\t\t\t\t\t<\/div>\n\t\t\t\t<\/div>\n\t\t\t\t<\/div>\n\t\t\t\t\t<\/div>\n\t\t\t\t<\/div>\n\t\t\t\t<\/div>","protected":false},"excerpt":{"rendered":"<p>Me George Tsanoussas is an attorney with 20 years of experience. He has a strong background in civil, family, commercial and estate matters, and has successfully represented clients in both first instance and appellate courts. Me George Tsanoussas was admitted to the Quebec Bar in 2004 and has a B.A from McGill and a law degree from&hellip;<\/p>","protected":false},"author":1,"featured_media":0,"parent":0,"menu_order":0,"comment_status":"closed","ping_status":"closed","template":"","meta":{"footnotes":""},"class_list":["post-103","page","type-page","status-publish","hentry"],"_links":{"self":[{"href":"https:\/\/tgalegal.ca\/fr\/wp-json\/wp\/v2\/pages\/103","targetHints":{"allow":["GET"]}}],"collection":[{"href":"https:\/\/tgalegal.ca\/fr\/wp-json\/wp\/v2\/pages"}],"about":[{"href":"https:\/\/tgalegal.ca\/fr\/wp-json\/wp\/v2\/types\/page"}],"author":[{"embeddable":true,"href":"https:\/\/tgalegal.ca\/fr\/wp-json\/wp\/v2\/users\/1"}],"replies":[{"embeddable":true,"href":"https:\/\/tgalegal.ca\/fr\/wp-json\/wp\/v2\/comments?post=103"}],"version-history":[{"count":0,"href":"https:\/\/tgalegal.ca\/fr\/wp-json\/wp\/v2\/pages\/103\/revisions"}],"wp:attachment":[{"href":"https:\/\/tgalegal.ca\/fr\/wp-json\/wp\/v2\/media?parent=103"}],"curies":[{"name":"wp","href":"https:\/\/api.w.org\/{rel}","templated":true}]}}